{"id":43,"date":"2026-03-16T14:16:30","date_gmt":"2026-03-16T14:16:30","guid":{"rendered":"https:\/\/bevaris.fun\/?page_id=43"},"modified":"2026-03-16T14:16:37","modified_gmt":"2026-03-16T14:16:37","slug":"impressum-des-schkeuditzer-kfz-betriebes","status":"publish","type":"page","link":"https:\/\/bevaris.fun\/?page_id=43","title":{"rendered":"Impressum des Schkeuditzer Kfz Betriebes"},"content":{"rendered":"\n<p>In dieser Sektion finden Sie die gesetzlich vorgeschriebenen Identifikationsmerkmale von bevaris. Toni Baldauf steht f\u00fcr eine transparente Unternehmensf\u00fchrung im Herzen von Sachsen.<\/p>\n\n\n\n<figure class=\"wp-block-table\"><table class=\"has-fixed-layout\"><thead><tr><td><strong>Merkmal<\/strong><\/td><td><strong>Offizielle Daten von bevaris<\/strong><\/td><\/tr><\/thead><tbody><tr><td><strong>Betreiber der Werkstatt<\/strong><\/td><td>Toni Baldauf<\/td><\/tr><tr><td><strong>Hausanschrift in Sachsen<\/strong><\/td><td>K\u00e4the Kollwitz Stra\u00dfe 1 : 04435 Schkeuditz<\/td><\/tr><tr><td><strong>Elektronische Erreichbarkeit<\/strong><\/td><td>mail@bevaris.fun<\/td><\/tr><\/tbody><\/table><\/figure>\n\n\n\n<p>Die rechtliche Verantwortung f\u00fcr alle digitalen Inhalte dieser Plattform liegt bei Toni Baldauf. Wir weisen darauf hin : dass die Europ\u00e4ische Kommission eine Plattform zur Online Streitbeilegung bereitstellt. Der Betreiber von bevaris nimmt nicht an Streitbeilegungsverfahren vor einer Verbraucherschlichtungsstelle teil. Die Qualit\u00e4t unserer Arbeit in der K\u00e4the Kollwitz Stra\u00dfe 1 spricht f\u00fcr sich selbst.<\/p>\n","protected":false},"excerpt":{"rendered":"<p>In dieser Sektion finden Sie die gesetzlich vorgeschriebenen Identifikationsmerkmale von bevaris. Toni Baldauf steht f\u00fcr eine transparente Unternehmensf\u00fchrung im Herzen von Sachsen. Merkmal Offizielle Daten von bevaris Betreiber der Werkstatt Toni Baldauf Hausanschrift in Sachsen K\u00e4the Kollwitz Stra\u00dfe 1 : 04435 Schkeuditz Elektronische Erreichbarkeit mail@bevaris.fun Die rechtliche Verantwortung f\u00fcr alle digitalen Inhalte dieser Plattform liegt [&hellip;]<\/p>\n","protected":false},"author":1,"featured_media":0,"parent":0,"menu_order":6,"comment_status":"closed","ping_status":"closed","template":"","meta":{"footnotes":""},"class_list":["post-43","page","type-page","status-publish","hentry"],"_links":{"self":[{"href":"https:\/\/bevaris.fun\/index.php?rest_route=\/wp\/v2\/pages\/43","targetHints":{"allow":["GET"]}}],"collection":[{"href":"https:\/\/bevaris.fun\/index.php?rest_route=\/wp\/v2\/pages"}],"about":[{"href":"https:\/\/bevaris.fun\/index.php?rest_route=\/wp\/v2\/types\/page"}],"author":[{"embeddable":true,"href":"https:\/\/bevaris.fun\/index.php?rest_route=\/wp\/v2\/users\/1"}],"replies":[{"embeddable":true,"href":"https:\/\/bevaris.fun\/index.php?rest_route=%2Fwp%2Fv2%2Fcomments&post=43"}],"version-history":[{"count":1,"href":"https:\/\/bevaris.fun\/index.php?rest_route=\/wp\/v2\/pages\/43\/revisions"}],"predecessor-version":[{"id":44,"href":"https:\/\/bevaris.fun\/index.php?rest_route=\/wp\/v2\/pages\/43\/revisions\/44"}],"wp:attachment":[{"href":"https:\/\/bevaris.fun\/index.php?rest_route=%2Fwp%2Fv2%2Fmedia&parent=43"}],"curies":[{"name":"wp","href":"https:\/\/api.w.org\/{rel}","templated":true}]}}