{"id":23,"date":"2026-03-02T12:12:15","date_gmt":"2026-03-02T12:12:15","guid":{"rendered":"https:\/\/bevaris.fun\/?page_id=23"},"modified":"2026-03-16T14:19:18","modified_gmt":"2026-03-16T14:19:18","slug":"kontakt-anfahrt","status":"publish","type":"page","link":"https:\/\/bevaris.fun\/?page_id=23","title":{"rendered":"Anfahrt sowie Kontakt zu bevaris"},"content":{"rendered":"\n<p>\u2550\u2550\u2550\u2550\u2550\u2550\u2550\u2550\u2550\u2550\u2550\u2550\u2550\u2550\u2550\u2550\u2550\u2550\u2550\u2550<\/p>\n\n\n\n<p>Der direkte Draht zu Ihrem Mechaniker ist bei uns Programm. Ob f\u00fcr eine kurzfristige Reparatur oder eine geplante Wartung : Toni Baldauf und sein Team sind in Schkeuditz f\u00fcr Sie erreichbar.<\/p>\n\n\n\n<p><strong>Kommunikationswege zu bevaris<\/strong><\/p>\n\n\n\n<ul class=\"wp-block-list\">\n<li>\u29bf <strong>Anschrift der Werkstatt :<\/strong> K\u00e4the Kollwitz Stra\u00dfe 1, 04435 Schkeuditz<\/li>\n\n\n\n<li>\u29bf <strong>Digitale Postadresse :<\/strong> mail@bevaris.fun<\/li>\n\n\n\n<li>\u29bf <strong>Inhaber der Werkstatt :<\/strong> Toni Baldauf<\/li>\n\n\n\n<li>\u29bf <strong>Kontaktnummer:<\/strong> +(49)\/401\/221\/730<\/li>\n<\/ul>\n\n\n\n<p>Wir freuen uns darauf : Sie pers\u00f6nlich in der K\u00e4the Kollwitz Stra\u00dfe 1 zu begr\u00fc\u00dfen. Unsere Werkstatt ist so gelegen : dass wir f\u00fcr Kunden aus dem gesamten Raum Schkeuditz sowie Leipzig schnell erreichbar sind. Senden Sie uns Ihre Anfrage per Email oder kommen Sie direkt vorbei : um Ihr Fahrzeug in professionelle H\u00e4nde zu geben. Bevaris sorgt daf\u00fcr : dass Sie sicher an Ihr Ziel kommen.<\/p>\n","protected":false},"excerpt":{"rendered":"<p>\u2550\u2550\u2550\u2550\u2550\u2550\u2550\u2550\u2550\u2550\u2550\u2550\u2550\u2550\u2550\u2550\u2550\u2550\u2550\u2550 Der direkte Draht zu Ihrem Mechaniker ist bei uns Programm. Ob f\u00fcr eine kurzfristige Reparatur oder eine geplante Wartung : Toni Baldauf und sein Team sind in Schkeuditz f\u00fcr Sie erreichbar. Kommunikationswege zu bevaris Wir freuen uns darauf : Sie pers\u00f6nlich in der K\u00e4the Kollwitz Stra\u00dfe 1 zu begr\u00fc\u00dfen. Unsere Werkstatt ist so gelegen [&hellip;]<\/p>\n","protected":false},"author":1,"featured_media":0,"parent":0,"menu_order":5,"comment_status":"closed","ping_status":"closed","template":"","meta":{"footnotes":""},"class_list":["post-23","page","type-page","status-publish","hentry"],"_links":{"self":[{"href":"https:\/\/bevaris.fun\/index.php?rest_route=\/wp\/v2\/pages\/23","targetHints":{"allow":["GET"]}}],"collection":[{"href":"https:\/\/bevaris.fun\/index.php?rest_route=\/wp\/v2\/pages"}],"about":[{"href":"https:\/\/bevaris.fun\/index.php?rest_route=\/wp\/v2\/types\/page"}],"author":[{"embeddable":true,"href":"https:\/\/bevaris.fun\/index.php?rest_route=\/wp\/v2\/users\/1"}],"replies":[{"embeddable":true,"href":"https:\/\/bevaris.fun\/index.php?rest_route=%2Fwp%2Fv2%2Fcomments&post=23"}],"version-history":[{"count":2,"href":"https:\/\/bevaris.fun\/index.php?rest_route=\/wp\/v2\/pages\/23\/revisions"}],"predecessor-version":[{"id":51,"href":"https:\/\/bevaris.fun\/index.php?rest_route=\/wp\/v2\/pages\/23\/revisions\/51"}],"wp:attachment":[{"href":"https:\/\/bevaris.fun\/index.php?rest_route=%2Fwp%2Fv2%2Fmedia&parent=23"}],"curies":[{"name":"wp","href":"https:\/\/api.w.org\/{rel}","templated":true}]}}